{"id":52,"date":"2021-09-11T20:07:51","date_gmt":"2021-09-11T18:07:51","guid":{"rendered":"http:\/\/rec-environnement.com\/?page_id=52"},"modified":"2021-09-11T22:00:47","modified_gmt":"2021-09-11T20:00:47","slug":"contact","status":"publish","type":"page","link":"https:\/\/rec-environnement.com\/index.php\/contact\/","title":{"rendered":"Contact"},"content":{"rendered":"\n<p><strong>PROGRAMMEZ UN ENL\u00c8VEMENT<\/strong><\/p>\n\n\n\n<p>Appelez-nous pour programmer l&rsquo;enl\u00e8vement de vos fers et m\u00e9taux :<\/p>\n\n\n\n<p>Charles BORNES\u00a0 \u00a0 \u00a006 37 77 16 90<br>Richard BORNES\u00a0 \u00a0 \u00a006 11 01 38 40<br>Edouard BORNES\u00a0 \u00a0 \u00a006 70 22 34 80<\/p>\n\n\n\n<hr class=\"wp-block-separator\"\/>\n\n\n\n<p><strong>LIVREZ VOS FERS ET M\u00c9TAUX SUR NOTRE CENTRE DE RECYCLAGE<\/strong><\/p>\n\n\n\n<iframe src=\"https:\/\/www.google.com\/maps\/embed?pb=!1m14!1m8!1m3!1d10470.299434093733!2d2.3903629!3d48.9996475!3m2!1i1024!2i768!4f13.1!3m3!1m2!1s0x0%3A0x52d012b31256a5ef!2sBORNES%20RECYCLAGE%20Achat%20Fers%20et%20M%C3%A9taux!5e0!3m2!1sen!2sfr!4v1631390240742!5m2!1sen!2sfr\" width=\"600\" height=\"450\" style=\"border:0;\" allowfullscreen=\"\" loading=\"lazy\"><\/iframe>\n","protected":false},"excerpt":{"rendered":"<p>PROGRAMMEZ UN ENL\u00c8VEMENT Appelez-nous pour programmer l&rsquo;enl\u00e8vement de vos fers et m\u00e9taux : Charles BORNES\u00a0 \u00a0 \u00a006 37 77 16 90Richard BORNES\u00a0 \u00a0 \u00a006 11 01 38 40Edouard BORNES\u00a0 \u00a0 \u00a006 70 22 34 80 LIVREZ VOS FERS ET M\u00c9TAUX SUR NOTRE CENTRE DE RECYCLAGE<\/p>\n","protected":false},"author":1,"featured_media":0,"parent":0,"menu_order":0,"comment_status":"closed","ping_status":"closed","template":"","meta":[],"_links":{"self":[{"href":"https:\/\/rec-environnement.com\/index.php\/wp-json\/wp\/v2\/pages\/52"}],"collection":[{"href":"https:\/\/rec-environnement.com\/index.php\/wp-json\/wp\/v2\/pages"}],"about":[{"href":"https:\/\/rec-environnement.com\/index.php\/wp-json\/wp\/v2\/types\/page"}],"author":[{"embeddable":true,"href":"https:\/\/rec-environnement.com\/index.php\/wp-json\/wp\/v2\/users\/1"}],"replies":[{"embeddable":true,"href":"https:\/\/rec-environnement.com\/index.php\/wp-json\/wp\/v2\/comments?post=52"}],"version-history":[{"count":2,"href":"https:\/\/rec-environnement.com\/index.php\/wp-json\/wp\/v2\/pages\/52\/revisions"}],"predecessor-version":[{"id":109,"href":"https:\/\/rec-environnement.com\/index.php\/wp-json\/wp\/v2\/pages\/52\/revisions\/109"}],"wp:attachment":[{"href":"https:\/\/rec-environnement.com\/index.php\/wp-json\/wp\/v2\/media?parent=52"}],"curies":[{"name":"wp","href":"https:\/\/api.w.org\/{rel}","templated":true}]}}