{"id":87,"date":"2021-09-11T21:08:07","date_gmt":"2021-09-11T19:08:07","guid":{"rendered":"http:\/\/rec-environnement.com\/index.php\/hestia-front\/"},"modified":"2021-09-11T22:06:08","modified_gmt":"2021-09-11T20:06:08","slug":"hestia-front","status":"publish","type":"page","link":"https:\/\/rec-environnement.com\/","title":{"rendered":"Front Page"},"content":{"rendered":"\n<p class=\"has-text-align-center\">Au services des professionnels du BTP et de l&rsquo;industrie, <strong>REC ENVIRONNEMENT <\/strong>collecte et transforme les fers et m\u00e9taux pour les valoriser aux meilleurs taux. Les marchandises sont pr\u00e9par\u00e9es et redirig\u00e9es vers l&rsquo;industrie sid\u00e9rurgique dans une logique d&rsquo;\u00e9conomie circulaire.<\/p>\n","protected":false},"excerpt":{"rendered":"<p>Au services des professionnels du BTP et de l&rsquo;industrie, REC ENVIRONNEMENT collecte et transforme les fers et m\u00e9taux pour les valoriser aux meilleurs taux. Les marchandises sont pr\u00e9par\u00e9es et redirig\u00e9es vers l&rsquo;industrie sid\u00e9rurgique dans une logique d&rsquo;\u00e9conomie circulaire.<\/p>\n","protected":false},"author":1,"featured_media":118,"parent":0,"menu_order":0,"comment_status":"closed","ping_status":"closed","template":"","meta":[],"_links":{"self":[{"href":"https:\/\/rec-environnement.com\/index.php\/wp-json\/wp\/v2\/pages\/87"}],"collection":[{"href":"https:\/\/rec-environnement.com\/index.php\/wp-json\/wp\/v2\/pages"}],"about":[{"href":"https:\/\/rec-environnement.com\/index.php\/wp-json\/wp\/v2\/types\/page"}],"author":[{"embeddable":true,"href":"https:\/\/rec-environnement.com\/index.php\/wp-json\/wp\/v2\/users\/1"}],"replies":[{"embeddable":true,"href":"https:\/\/rec-environnement.com\/index.php\/wp-json\/wp\/v2\/comments?post=87"}],"version-history":[{"count":3,"href":"https:\/\/rec-environnement.com\/index.php\/wp-json\/wp\/v2\/pages\/87\/revisions"}],"predecessor-version":[{"id":113,"href":"https:\/\/rec-environnement.com\/index.php\/wp-json\/wp\/v2\/pages\/87\/revisions\/113"}],"wp:featuredmedia":[{"embeddable":true,"href":"https:\/\/rec-environnement.com\/index.php\/wp-json\/wp\/v2\/media\/118"}],"wp:attachment":[{"href":"https:\/\/rec-environnement.com\/index.php\/wp-json\/wp\/v2\/media?parent=87"}],"curies":[{"name":"wp","href":"https:\/\/api.w.org\/{rel}","templated":true}]}}